{"id":25,"date":"2023-08-16T16:16:46","date_gmt":"2023-08-16T14:16:46","guid":{"rendered":"https:\/\/kupferschlaeger.net\/wordpress\/?page_id=25"},"modified":"2026-01-26T16:20:45","modified_gmt":"2026-01-26T15:20:45","slug":"impressum","status":"publish","type":"page","link":"https:\/\/infectnet.org\/en\/impressum","title":{"rendered":"Imprint"},"content":{"rendered":"<p>Angaben gema\u0308\u00df \u00a7 5 TMG<\/p>\n\n\n\n<h3 class=\"wp-block-heading\">Herausgeberin<\/h3>\n\n\n\n<p><strong>Infect-Net<br>Verband deutscher Infektionsforscherinnen e.V.<\/strong><\/p>\n\n\n\n<p>c\/o Abteilung f\u00fcr Zellul\u00e4re und Angewandte Infektionsbiologie (ZAI)<br>Institut fu\u0308r Biologie 2<br>RWTH Aachen University<br>Worringerweg 1<br>52074 Aachen | GERMANY<\/p>\n\n\n\n<h3 class=\"wp-block-heading\">Vertreten durch den Vorstand:<\/h3>\n\n\n\n<p>Prof. Dr. Gabriele Pradel (Vorsitzende)<br>Prof. Dr. Antje Flieger (1. stellvertretende Vorsitzende)<br>Prof. Dr. Clarissa Prazeres da Costa (2. stellvertretende Vorsitzende)<br>Prof. Dr. Christina Karsten (1. Schriftf\u00fchrerin)<br>Prof. Dr. Asisa Volz (2. Schriftf\u00fchrerin)<br>PD Dr. Michaela Petter (Schatzmeisterin)<\/p>\n\n\n\n<h3 class=\"wp-block-heading\">Contact<\/h3>\n\n\n\n<p>c\/o Abteilung f\u00fcr Zellul\u00e4re und Angewandte Infektionsbiologie (ZAI)<br>Institut fu\u0308r Biologie 2 | RWTH Aachen University<br>Worringerweg 1<br>52074 Aachen | GERMANY<\/p>\n\n\n\n<p><strong>Phone<\/strong><a href=\"tel: 492418020847\"><\/a><a href=\"tel: 492418020847\"><\/a>: +49 241 80 20848<br><strong>E-Mail<\/strong>: info@infectnet.org<\/p>\n\n\n\n<h3 class=\"wp-block-heading\">Registereintrag<\/h3>\n\n\n\n<p>Eingetragen im Vereinsregister<br>Registergericht: Amtsgericht Aachen<br>Registernummer: VR 6608<\/p>\n\n\n\n<h3 class=\"wp-block-heading\">Zust\u00e4ndige Aufsichtsbeh\u00f6rde<\/h3>\n\n\n\n<p>Landesbeauftragte f\u00fcr Datenschutz und Informationsfreiheit Nordrhein-Westfalen (LDI NRW)<\/p>\n\n\n\n<p>Landesbeauftragte f\u00fcr Datenschutz und Informationsfreiheit<br>Nordrhein-Westfalen<br>Kavalleriestra\u00dfe 2\u20134<br>40213 D\u00fcsseldorf<\/p>\n\n\n\n<p><strong>Telefon:<\/strong> 0211 38424-0<br><strong>E-Mail: <\/strong>poststelle@ldi.nrw.de<\/p>\n\n\n\n<h3 class=\"wp-block-heading\">Inhaltlich verantwortlich gem\u00e4\u00df \u00a7 18 Abs. 2 MStV<\/h3>\n\n\n\n<p>Prof Dr Gabriele Pradel<br>Telefon: +49 (0)241 80-20848<br>E-Mail: pradel@bio2.rwth-aachen.de<\/p>\n\n\n\n<h3 class=\"wp-block-heading\">Konzeption, Design &amp; Technische Umsetzung<\/h3>\n\n\n\n<p>Lutz Kupferschl\u00e4ger<\/p>\n\n\n\n<h3 class=\"wp-block-heading\">Haftungshinweis<\/h3>\n\n\n\n<p>Der Verband deutscher Infektionsforscherinnen e.V. \u00fcbernimmt keine Haftung f\u00fcr die Inhalte externer Links. F\u00fcr den Inhalt der verlinkten Seiten sind ausschlie\u00dflich deren Betreiber verantwortlich. Die Informationen auf der Website stellen wir ohne Gew\u00e4hr zur Verf\u00fcgung.<\/p>","protected":false},"excerpt":{"rendered":"<p>Angaben gema\u0308\u00df \u00a7 5 TMG Herausgeberin Infect-NetVerband deutscher Infektionsforscherinnen e.V. c\/o Abteilung f\u00fcr Zellul\u00e4re und Angewandte Infektionsbiologie (ZAI)Institut fu\u0308r Biologie 2RWTH Aachen UniversityWorringerweg 152074 Aachen Vertreten durch den Vorstand: Prof. [&hellip;]<\/p>\n","protected":false},"author":1,"featured_media":0,"parent":0,"menu_order":0,"comment_status":"closed","ping_status":"closed","template":"regular-page","meta":{"_EventAllDay":false,"_EventTimezone":"","_EventStartDate":"","_EventEndDate":"","_EventStartDateUTC":"","_EventEndDateUTC":"","_EventShowMap":false,"_EventShowMapLink":false,"_EventURL":"","_EventCost":"","_EventCostDescription":"","_EventCurrencySymbol":"","_EventCurrencyCode":"","_EventCurrencyPosition":"","_EventDateTimeSeparator":"","_EventTimeRangeSeparator":"","_EventOrganizerID":[],"_EventVenueID":[],"_OrganizerEmail":"","_OrganizerPhone":"","_OrganizerWebsite":"","_VenueAddress":"","_VenueCity":"","_VenueCountry":"","_VenueProvince":"","_VenueState":"","_VenueZip":"","_VenuePhone":"","_VenueURL":"","_VenueStateProvince":"","_VenueLat":"","_VenueLng":"","_VenueShowMap":false,"_VenueShowMapLink":false,"footnotes":""},"class_list":["post-25","page","type-page","status-publish","hentry"],"_links":{"self":[{"href":"https:\/\/infectnet.org\/en\/wp-json\/wp\/v2\/pages\/25","targetHints":{"allow":["GET"]}}],"collection":[{"href":"https:\/\/infectnet.org\/en\/wp-json\/wp\/v2\/pages"}],"about":[{"href":"https:\/\/infectnet.org\/en\/wp-json\/wp\/v2\/types\/page"}],"author":[{"embeddable":true,"href":"https:\/\/infectnet.org\/en\/wp-json\/wp\/v2\/users\/1"}],"replies":[{"embeddable":true,"href":"https:\/\/infectnet.org\/en\/wp-json\/wp\/v2\/comments?post=25"}],"version-history":[{"count":2,"href":"https:\/\/infectnet.org\/en\/wp-json\/wp\/v2\/pages\/25\/revisions"}],"predecessor-version":[{"id":4507,"href":"https:\/\/infectnet.org\/en\/wp-json\/wp\/v2\/pages\/25\/revisions\/4507"}],"wp:attachment":[{"href":"https:\/\/infectnet.org\/en\/wp-json\/wp\/v2\/media?parent=25"}],"curies":[{"name":"wp","href":"https:\/\/api.w.org\/{rel}","templated":true}]}}