{"id":3391,"date":"2025-09-11T15:41:17","date_gmt":"2025-09-11T13:41:17","guid":{"rendered":"https:\/\/admin.infectnet.org\/?page_id=3391"},"modified":"2025-12-11T10:51:23","modified_gmt":"2025-12-11T09:51:23","slug":"die-vorstaendinnen","status":"publish","type":"page","link":"https:\/\/infectnet.org\/en\/ueber-uns\/die-vorstaendinnen","title":{"rendered":"Board members"},"content":{"rendered":"<h3 class=\"wp-block-heading\">The Executive Board<\/h3>\n\n\n\n<p>At the founding meeting on 25 March 2025 in Munich, the following women were elected to the board of the German Association of Female Infection  Researchers:<\/p>\n\n\n\n<ul class=\"wp-block-list\">\n<li>Chairperson: Prof. Dr. Gabriele Pradel<\/li>\n\n\n\n<li>First Deputy: Prof. Dr. Antje Flieger<\/li>\n\n\n\n<li>Second Deputy: Prof. Dr. Clarissa Prazeres da Costa<\/li>\n\n\n\n<li>First Secretary: Junior Professor Dr. Christina Karsten<\/li>\n\n\n\n<li>Second Secretary: Prof. Dr. Asisa Volz<\/li>\n\n\n\n<li>Treasurer: PD Dr. Michaela Petter<\/li>\n<\/ul>\n\n\n\n    <div style=\"padding:0 0 25px 0;\">\n        <div class=\"icon-container\" style=\"display:none;float:left;width:32px;transform:rotate(0deg) scaleX(1) scaleY(1)\">\n            <!-- Lupe (korrektes SVG, obwohl ausgeblendet) -->\n            <svg xmlns=\"http:\/\/www.w3.org\/2000\/svg\" viewbox=\"0 0 24 24\" aria-hidden=\"true\">\n                <path d=\"M13 5c-3.3 0-6 2.7-6 6 0 1.4.5 2.7 1.3 3.7l-3.8 3.8 1.1 1.1 3.8-3.8c1 .8 2.3 1.3 3.7 1.3 3.3 0 6-2.7 6-6S16.3 5 13 5zm0 10.5c-2.5 0-4.5-2-4.5-4.5s2-4.5 4.5-4.5 4.5 2 4.5 4.5-2 4.5-4.5 4.5z\"><\/path>\n            <\/svg>\n        <\/div>\n        <input style=\"display:none;font-size:1em;margin-top:5px;\" type=\"text\" id=\"second-person-search\" placeholder=\"Search by name...\" \/>\n    <\/div>\n\n    <div id=\"second-persons-output\">\n        <div class=\"personen-liste\"><div style=\"width:275px;float:left;margin:0 25px 25px 0;padding:0;\" class=\"person\">  <div style=\"height:175px;overflow:hidden;\">    <a title=\"Antje Flieger\" href=\"https:\/\/infectnet.org\/en\/mitglied?id=17\">      <img decoding=\"async\" style=\"width:275px;border-radius:15px 15px 0 0;\" src=\"https:\/\/www.infectnet.org\/wp-content\/uploads\/2023\/08\/Antje-Flieger.jpg\" alt=\"Antje Flieger\">    <\/a>  <\/div>  <div style=\"height:118px;padding:10px;background:#af1857;border-radius:0 0 15px 15px;\">    <p style=\"color:#fff;margin-bottom:-25px\">Prof Dr<\/p>    <a href=\"https:\/\/infectnet.org\/en\/mitglied?id=17\"><h2 style=\"font-size:1.7em;color:#fff;padding-bottom:-35px;\" class=\"person-name\">Antje Flieger<\/h2><\/a>  <\/div><\/div><div style=\"width:275px;float:left;margin:0 25px 25px 0;padding:0;\" class=\"person\">  <div style=\"height:175px;overflow:hidden;\">    <a title=\"Christina Karsten\" href=\"https:\/\/infectnet.org\/en\/mitglied?id=107\">      <img decoding=\"async\" style=\"width:275px;border-radius:15px 15px 0 0;\" src=\"https:\/\/www.infectnet.org\/wp-content\/uploads\/2024\/02\/Karsten_Christina-scaled-e1758178354569.jpeg\" alt=\"Christina Karsten\">    <\/a>  <\/div>  <div style=\"height:118px;padding:10px;background:#af1857;border-radius:0 0 15px 15px;\">    <p style=\"color:#fff;margin-bottom:-25px\">Junior Prof Dr<\/p>    <a href=\"https:\/\/infectnet.org\/en\/mitglied?id=107\"><h2 style=\"font-size:1.7em;color:#fff;padding-bottom:-35px;\" class=\"person-name\">Christina Karsten<\/h2><\/a>  <\/div><\/div><div style=\"width:275px;float:left;margin:0 25px 25px 0;padding:0;\" class=\"person\">  <div style=\"height:175px;overflow:hidden;\">    <a title=\"Michaela Petter\" href=\"https:\/\/infectnet.org\/en\/mitglied?id=36\">      <img decoding=\"async\" style=\"width:275px;border-radius:15px 15px 0 0;\" src=\"https:\/\/www.infectnet.org\/wp-content\/uploads\/2024\/04\/Michaela-Petter-e1718878592161.jpg\" alt=\"Michaela Petter\">    <\/a>  <\/div>  <div style=\"height:118px;padding:10px;background:#af1857;border-radius:0 0 15px 15px;\">    <p style=\"color:#fff;margin-bottom:-25px\">PD Dr. rer. nat.<\/p>    <a href=\"https:\/\/infectnet.org\/en\/mitglied?id=36\"><h2 style=\"font-size:1.7em;color:#fff;padding-bottom:-35px;\" class=\"person-name\">Michaela Petter<\/h2><\/a>  <\/div><\/div><div style=\"width:275px;float:left;margin:0 25px 25px 0;padding:0;\" class=\"person\">  <div style=\"height:175px;overflow:hidden;\">    <a title=\"Gabriele Pradel\" href=\"https:\/\/infectnet.org\/en\/mitglied?id=37\">      <img decoding=\"async\" style=\"width:275px;border-radius:15px 15px 0 0;\" src=\"https:\/\/www.infectnet.org\/wp-content\/uploads\/2023\/12\/DSC_6264_final_web-e1718878848419.jpg\" alt=\"Gabriele Pradel\">    <\/a>  <\/div>  <div style=\"height:118px;padding:10px;background:#af1857;border-radius:0 0 15px 15px;\">    <p style=\"color:#fff;margin-bottom:-25px\">Univ.-Prof. Dr.<\/p>    <a href=\"https:\/\/infectnet.org\/en\/mitglied?id=37\"><h2 style=\"font-size:1.7em;color:#fff;padding-bottom:-35px;\" class=\"person-name\">Gabriele Pradel<\/h2><\/a>  <\/div><\/div><div style=\"width:275px;float:left;margin:0 25px 25px 0;padding:0;\" class=\"person\">  <div style=\"height:175px;overflow:hidden;\">    <a title=\"Clarissa Prazeres da Costa\" href=\"https:\/\/infectnet.org\/en\/mitglied?id=38\">      <img decoding=\"async\" style=\"width:275px;border-radius:15px 15px 0 0;\" src=\"https:\/\/www.infectnet.org\/wp-content\/uploads\/2023\/12\/Prazeres-da-Costa_Clarissa-scaled.jpg\" alt=\"Clarissa Prazeres da Costa\">    <\/a>  <\/div>  <div style=\"height:118px;padding:10px;background:#af1857;border-radius:0 0 15px 15px;\">    <p style=\"color:#fff;margin-bottom:-25px\">Univ.-Prof. Dr.<\/p>    <a href=\"https:\/\/infectnet.org\/en\/mitglied?id=38\"><h2 style=\"font-size:1.7em;color:#fff;padding-bottom:-35px;\" class=\"person-name\">Clarissa Prazeres da Costa<\/h2><\/a>  <\/div><\/div><div style=\"width:275px;float:left;margin:0 25px 25px 0;padding:0;\" class=\"person\">  <div style=\"height:175px;overflow:hidden;\">    <a title=\"Asisa Volz\" href=\"https:\/\/infectnet.org\/en\/mitglied?id=120\">      <img decoding=\"async\" style=\"width:275px;border-radius:15px 15px 0 0;\" src=\"https:\/\/www.infectnet.org\/wp-content\/uploads\/2023\/12\/infectnet-illu-start3.jpg\" alt=\"Asisa Volz\">    <\/a>  <\/div>  <div style=\"height:118px;padding:10px;background:#af1857;border-radius:0 0 15px 15px;\">    <p style=\"color:#fff;margin-bottom:-25px\">Univ.-Prof. Dr.<\/p>    <a href=\"https:\/\/infectnet.org\/en\/mitglied?id=120\"><h2 style=\"font-size:1.7em;color:#fff;padding-bottom:-35px;\" class=\"person-name\">Asisa Volz<\/h2><\/a>  <\/div><\/div><div style=\"clear:both;\"><\/div><\/div>    <\/div>\n\n    <script>\n        (function() {\n            var searchInput = document.getElementById('second-person-search');\n            if (!searchInput) return;\n\n            var ajaxUrl = 'https:\/\/infectnet.org\/wp-admin\/admin-ajax.php';\n            var team    = 'Vorstand';\n            var timer   = null;\n\n            searchInput.addEventListener('keyup', function() {\n                var value = this.value || '';\n                if (timer) clearTimeout(timer);\n                timer = setTimeout(function() {\n                    var xhr = new XMLHttpRequest();\n                    xhr.open(\n                        'GET',\n                        ajaxUrl + '?action=pdp_filter_persons_second'\n                                 + '&team='   + encodeURIComponent(team)\n                                 + '&search=' + encodeURIComponent(value),\n                        true\n                    );\n                    xhr.onload = function() {\n                        if (xhr.status === 200) {\n                            var out = document.getElementById('second-persons-output');\n                            if (out) out.innerHTML = xhr.responseText;\n                        }\n                    };\n                    xhr.send();\n                }, 200);\n            });\n        })();\n    <\/script>\n\n    \n\n\n\n<h3 class=\"wp-block-heading\">The Advisory Board<\/h3>\n\n\n\n<p>Our board members are supported by experienced and committed scientists who provide motivation as well as critical assessments. Some of them were already active on the board during the BMBF project phase and are very familiar with the mission and the association's members:<\/p>\n\n\n\n    <div style=\"padding:0 0 25px 0;\">\n        <div class=\"icon-container\" style=\"display:none;float:left;width:32px;transform:rotate(0deg) scaleX(1) scaleY(1)\">\n            <!-- Lupe (korrektes SVG, obwohl ausgeblendet) -->\n            <svg xmlns=\"http:\/\/www.w3.org\/2000\/svg\" viewbox=\"0 0 24 24\" aria-hidden=\"true\">\n                <path d=\"M13 5c-3.3 0-6 2.7-6 6 0 1.4.5 2.7 1.3 3.7l-3.8 3.8 1.1 1.1 3.8-3.8c1 .8 2.3 1.3 3.7 1.3 3.3 0 6-2.7 6-6S16.3 5 13 5zm0 10.5c-2.5 0-4.5-2-4.5-4.5s2-4.5 4.5-4.5 4.5 2 4.5 4.5-2 4.5-4.5 4.5z\"><\/path>\n            <\/svg>\n        <\/div>\n        <input style=\"display:none;font-size:1em;margin-top:5px;\" type=\"text\" id=\"second-person-search\" placeholder=\"Search by name...\" \/>\n    <\/div>\n\n    <div id=\"second-persons-output\">\n        <div class=\"personen-liste\"><div style=\"width:275px;float:left;margin:0 25px 25px 0;padding:0;\" class=\"person\">  <div style=\"height:175px;overflow:hidden;\">    <a title=\"Marylyn Addo\" href=\"https:\/\/infectnet.org\/en\/mitglied?id=103\">      <img decoding=\"async\" style=\"width:275px;border-radius:15px 15px 0 0;\" src=\"https:\/\/www.infectnet.org\/wp-content\/uploads\/2024\/05\/Addo_Marylyn_20200528-scaled.jpg\" alt=\"Marylyn Addo\">    <\/a>  <\/div>  <div style=\"height:118px;padding:10px;background:#af1857;border-radius:0 0 15px 15px;\">    <p style=\"color:#fff;margin-bottom:-25px\">Prof. Dr. med., MSc, DTM&amp;H<\/p>    <a href=\"https:\/\/infectnet.org\/en\/mitglied?id=103\"><h2 style=\"font-size:1.7em;color:#fff;padding-bottom:-35px;\" class=\"person-name\">Marylyn Addo<\/h2><\/a>  <\/div><\/div><div style=\"width:275px;float:left;margin:0 25px 25px 0;padding:0;\" class=\"person\">  <div style=\"height:175px;overflow:hidden;\">    <a title=\"Iris Bruchhaus\" href=\"https:\/\/infectnet.org\/en\/mitglied?id=11\">      <img decoding=\"async\" style=\"width:275px;border-radius:15px 15px 0 0;\" src=\"https:\/\/www.infectnet.org\/wp-content\/uploads\/2023\/12\/Bruchhaus_Iris-e1758178295229.jpg\" alt=\"Iris Bruchhaus\">    <\/a>  <\/div>  <div style=\"height:118px;padding:10px;background:#af1857;border-radius:0 0 15px 15px;\">    <p style=\"color:#fff;margin-bottom:-25px\">Prof Dr<\/p>    <a href=\"https:\/\/infectnet.org\/en\/mitglied?id=11\"><h2 style=\"font-size:1.7em;color:#fff;padding-bottom:-35px;\" class=\"person-name\">Iris Bruchhaus<\/h2><\/a>  <\/div><\/div><div style=\"width:275px;float:left;margin:0 25px 25px 0;padding:0;\" class=\"person\">  <div style=\"height:175px;overflow:hidden;\">    <a title=\"Berit Lange\" href=\"https:\/\/infectnet.org\/en\/mitglied?id=27\">      <img decoding=\"async\" style=\"width:275px;border-radius:15px 15px 0 0;\" src=\"https:\/\/www.infectnet.org\/wp-content\/uploads\/2025\/01\/1737640489276-scaled-e1737640874636.jpg\" alt=\"Berit Lange\">    <\/a>  <\/div>  <div style=\"height:118px;padding:10px;background:#af1857;border-radius:0 0 15px 15px;\">    <p style=\"color:#fff;margin-bottom:-25px\">Dr. med.<\/p>    <a href=\"https:\/\/infectnet.org\/en\/mitglied?id=27\"><h2 style=\"font-size:1.7em;color:#fff;padding-bottom:-35px;\" class=\"person-name\">Berit Lange<\/h2><\/a>  <\/div><\/div><div style=\"width:275px;float:left;margin:0 25px 25px 0;padding:0;\" class=\"person\">  <div style=\"height:175px;overflow:hidden;\">    <a title=\"Bettina L\u00f6ffler\" href=\"https:\/\/infectnet.org\/en\/mitglied?id=28\">      <img decoding=\"async\" style=\"width:275px;border-radius:15px 15px 0 0;\" src=\"https:\/\/www.infectnet.org\/wp-content\/uploads\/2023\/07\/Loffler_Bettina_6066-scaled-e1718872580205.jpg\" alt=\"Bettina L\u00f6ffler\">    <\/a>  <\/div>  <div style=\"height:118px;padding:10px;background:#af1857;border-radius:0 0 15px 15px;\">    <p style=\"color:#fff;margin-bottom:-25px\">Univ.-Prof. Dr. med.<\/p>    <a href=\"https:\/\/infectnet.org\/en\/mitglied?id=28\"><h2 style=\"font-size:1.7em;color:#fff;padding-bottom:-35px;\" class=\"person-name\">Bettina L\u00f6ffler<\/h2><\/a>  <\/div><\/div><div style=\"width:275px;float:left;margin:0 25px 25px 0;padding:0;\" class=\"person\">  <div style=\"height:175px;overflow:hidden;\">    <a title=\"Ulrike Protzer\" href=\"https:\/\/infectnet.org\/en\/mitglied?id=39\">      <img decoding=\"async\" style=\"width:275px;border-radius:15px 15px 0 0;\" src=\"https:\/\/www.infectnet.org\/wp-content\/uploads\/2024\/02\/Protzer_Ulrike-scaled.jpg\" alt=\"Ulrike Protzer\">    <\/a>  <\/div>  <div style=\"height:118px;padding:10px;background:#af1857;border-radius:0 0 15px 15px;\">    <p style=\"color:#fff;margin-bottom:-25px\">Prof. Dr., MD<\/p>    <a href=\"https:\/\/infectnet.org\/en\/mitglied?id=39\"><h2 style=\"font-size:1.7em;color:#fff;padding-bottom:-35px;\" class=\"person-name\">Ulrike Protzer<\/h2><\/a>  <\/div><\/div><div style=\"clear:both;\"><\/div><\/div>    <\/div>\n\n    <script>\n        (function() {\n            var searchInput = document.getElementById('second-person-search');\n            if (!searchInput) return;\n\n            var ajaxUrl = 'https:\/\/infectnet.org\/wp-admin\/admin-ajax.php';\n            var team    = 'Beirat';\n            var timer   = null;\n\n            searchInput.addEventListener('keyup', function() {\n                var value = this.value || '';\n                if (timer) clearTimeout(timer);\n                timer = setTimeout(function() {\n                    var xhr = new XMLHttpRequest();\n                    xhr.open(\n                        'GET',\n                        ajaxUrl + '?action=pdp_filter_persons_second'\n                                 + '&team='   + encodeURIComponent(team)\n                                 + '&search=' + encodeURIComponent(value),\n                        true\n                    );\n                    xhr.onload = function() {\n                        if (xhr.status === 200) {\n                            var out = document.getElementById('second-persons-output');\n                            if (out) out.innerHTML = xhr.responseText;\n                        }\n                    };\n                    xhr.send();\n                }, 200);\n            });\n        })();\n    <\/script>\n\n    \n\n\n\n<h3 class=\"wp-block-heading\">The Nestorian<\/h3>\n\n\n\n<p>Hardly anyone knows the system and structures of German science policy as well as Petra Dersch, former DFG Senator and member of the Leopoldina Academy of Sciences. With her experience and insider knowledge, she has already provided Infect-Net with many valuable insights during the BMBF project phase. As a senior member, she continues to make her knowledge and network available to the association.<\/p>\n\n\n\n    <div style=\"padding:0 0 25px 0;\">\n        <div class=\"icon-container\" style=\"display:none;float:left;width:32px;transform:rotate(0deg) scaleX(1) scaleY(1)\">\n            <!-- Lupe (korrektes SVG, obwohl ausgeblendet) -->\n            <svg xmlns=\"http:\/\/www.w3.org\/2000\/svg\" viewbox=\"0 0 24 24\" aria-hidden=\"true\">\n                <path d=\"M13 5c-3.3 0-6 2.7-6 6 0 1.4.5 2.7 1.3 3.7l-3.8 3.8 1.1 1.1 3.8-3.8c1 .8 2.3 1.3 3.7 1.3 3.3 0 6-2.7 6-6S16.3 5 13 5zm0 10.5c-2.5 0-4.5-2-4.5-4.5s2-4.5 4.5-4.5 4.5 2 4.5 4.5-2 4.5-4.5 4.5z\"><\/path>\n            <\/svg>\n        <\/div>\n        <input style=\"display:none;font-size:1em;margin-top:5px;\" type=\"text\" id=\"second-person-search\" placeholder=\"Search by name...\" \/>\n    <\/div>\n\n    <div id=\"second-persons-output\">\n        <div class=\"personen-liste\"><div style=\"width:275px;float:left;margin:0 25px 25px 0;padding:0;\" class=\"person\">  <div style=\"height:175px;overflow:hidden;\">    <a title=\"Petra Dersch\" href=\"https:\/\/infectnet.org\/en\/mitglied?id=16\">      <img decoding=\"async\" style=\"width:275px;border-radius:15px 15px 0 0;\" src=\"https:\/\/www.infectnet.org\/wp-content\/uploads\/2023\/07\/Dersch-e1718872275368.jpeg\" alt=\"Petra Dersch\">    <\/a>  <\/div>  <div style=\"height:118px;padding:10px;background:#af1857;border-radius:0 0 15px 15px;\">    <p style=\"color:#fff;margin-bottom:-25px\">Univ.-Prof. Dr.<\/p>    <a href=\"https:\/\/infectnet.org\/en\/mitglied?id=16\"><h2 style=\"font-size:1.7em;color:#fff;padding-bottom:-35px;\" class=\"person-name\">Petra Dersch<\/h2><\/a>  <\/div><\/div><div style=\"clear:both;\"><\/div><\/div>    <\/div>\n\n    <script>\n        (function() {\n            var searchInput = document.getElementById('second-person-search');\n            if (!searchInput) return;\n\n            var ajaxUrl = 'https:\/\/infectnet.org\/wp-admin\/admin-ajax.php';\n            var team    = 'Nestorin';\n            var timer   = null;\n\n            searchInput.addEventListener('keyup', function() {\n                var value = this.value || '';\n                if (timer) clearTimeout(timer);\n                timer = setTimeout(function() {\n                    var xhr = new XMLHttpRequest();\n                    xhr.open(\n                        'GET',\n                        ajaxUrl + '?action=pdp_filter_persons_second'\n                                 + '&team='   + encodeURIComponent(team)\n                                 + '&search=' + encodeURIComponent(value),\n                        true\n                    );\n                    xhr.onload = function() {\n                        if (xhr.status === 200) {\n                            var out = document.getElementById('second-persons-output');\n                            if (out) out.innerHTML = xhr.responseText;\n                        }\n                    };\n                    xhr.send();\n                }, 200);\n            });\n        })();\n    <\/script>","protected":false},"excerpt":{"rendered":"<p>Das Vorstandsteam Mit der Gr\u00fcndungsversammlung am 25. M\u00e4rz 2025 in M\u00fcnchen wurden folgende Frauen in den Vorstand des Verbands deutscher Infektionsforscherinnen e.V. gew\u00e4hlt: Die Beir\u00e4tinnen Unseren Vorst\u00e4ndinnen stehen erfahrene und [&hellip;]<\/p>\n","protected":false},"author":1,"featured_media":0,"parent":246,"menu_order":0,"comment_status":"closed","ping_status":"closed","template":"","meta":{"_EventAllDay":false,"_EventTimezone":"","_EventStartDate":"","_EventEndDate":"","_EventStartDateUTC":"","_EventEndDateUTC":"","_EventShowMap":false,"_EventShowMapLink":false,"_EventURL":"","_EventCost":"","_EventCostDescription":"","_EventCurrencySymbol":"","_EventCurrencyCode":"","_EventCurrencyPosition":"","_EventDateTimeSeparator":"","_EventTimeRangeSeparator":"","_EventOrganizerID":[],"_EventVenueID":[],"_OrganizerEmail":"","_OrganizerPhone":"","_OrganizerWebsite":"","_VenueAddress":"","_VenueCity":"","_VenueCountry":"","_VenueProvince":"","_VenueState":"","_VenueZip":"","_VenuePhone":"","_VenueURL":"","_VenueStateProvince":"","_VenueLat":"","_VenueLng":"","_VenueShowMap":false,"_VenueShowMapLink":false,"footnotes":""},"class_list":["post-3391","page","type-page","status-publish","hentry"],"_links":{"self":[{"href":"https:\/\/infectnet.org\/en\/wp-json\/wp\/v2\/pages\/3391","targetHints":{"allow":["GET"]}}],"collection":[{"href":"https:\/\/infectnet.org\/en\/wp-json\/wp\/v2\/pages"}],"about":[{"href":"https:\/\/infectnet.org\/en\/wp-json\/wp\/v2\/types\/page"}],"author":[{"embeddable":true,"href":"https:\/\/infectnet.org\/en\/wp-json\/wp\/v2\/users\/1"}],"replies":[{"embeddable":true,"href":"https:\/\/infectnet.org\/en\/wp-json\/wp\/v2\/comments?post=3391"}],"version-history":[{"count":10,"href":"https:\/\/infectnet.org\/en\/wp-json\/wp\/v2\/pages\/3391\/revisions"}],"predecessor-version":[{"id":4054,"href":"https:\/\/infectnet.org\/en\/wp-json\/wp\/v2\/pages\/3391\/revisions\/4054"}],"up":[{"embeddable":true,"href":"https:\/\/infectnet.org\/en\/wp-json\/wp\/v2\/pages\/246"}],"wp:attachment":[{"href":"https:\/\/infectnet.org\/en\/wp-json\/wp\/v2\/media?parent=3391"}],"curies":[{"name":"wp","href":"https:\/\/api.w.org\/{rel}","templated":true}]}}