{"id":3395,"date":"2025-11-14T16:34:04","date_gmt":"2025-11-14T15:34:04","guid":{"rendered":"https:\/\/admin.infectnet.org\/?page_id=3395"},"modified":"2025-11-14T16:34:04","modified_gmt":"2025-11-14T15:34:04","slug":"unsere-satzung","status":"publish","type":"page","link":"https:\/\/infectnet.org\/en\/ueber-uns\/unsere-satzung","title":{"rendered":"Unsere Satzung"},"content":{"rendered":"<p>An der Gr\u00fcndungsversammlung am 25. M\u00e4rz 2025 in M\u00fcnchen haben wir die Satzung des &#8222;Verband deutscher Infektionsforscherinnen e.V.&#8220; verabschiedet:<\/p>\n\n\n\n<div data-wp-interactive=\"core\/file\" class=\"wp-block-file\"><object data-wp-bind--hidden=\"!state.hasPdfPreview\" hidden class=\"wp-block-file__embed\" data=\"https:\/\/admin.infectnet.org\/wp-content\/uploads\/2025\/11\/Infect-Net_Satzung_25032025.pdf\" type=\"application\/pdf\" style=\"width:100%;height:600px\" aria-label=\"Embed of Infect-Net_Satzung_25032025.\"><\/object><a id=\"wp-block-file--media-d708a287-a138-4289-81f2-49b16445b07a\" href=\"https:\/\/admin.infectnet.org\/wp-content\/uploads\/2025\/11\/Infect-Net_Satzung_25032025.pdf\">Infect-Net_Satzung_25032025<\/a><a href=\"https:\/\/admin.infectnet.org\/wp-content\/uploads\/2025\/11\/Infect-Net_Satzung_25032025.pdf\" class=\"wp-block-file__button wp-element-button\" download aria-describedby=\"wp-block-file--media-d708a287-a138-4289-81f2-49b16445b07a\">Download<\/a><\/div>\n\n\n\n<p><\/p>","protected":false},"excerpt":{"rendered":"<p>An der Gr\u00fcndungsversammlung am 25. M\u00e4rz 2025 in M\u00fcnchen haben wir die Satzung des &#8222;Verband deutscher Infektionsforscherinnen e.V.&#8220; verabschiedet:<\/p>","protected":false},"author":1,"featured_media":0,"parent":246,"menu_order":0,"comment_status":"closed","ping_status":"closed","template":"","meta":{"_EventAllDay":false,"_EventTimezone":"","_EventStartDate":"","_EventEndDate":"","_EventStartDateUTC":"","_EventEndDateUTC":"","_EventShowMap":false,"_EventShowMapLink":false,"_EventURL":"","_EventCost":"","_EventCostDescription":"","_EventCurrencySymbol":"","_EventCurrencyCode":"","_EventCurrencyPosition":"","_EventDateTimeSeparator":"","_EventTimeRangeSeparator":"","_EventOrganizerID":[],"_EventVenueID":[],"_OrganizerEmail":"","_OrganizerPhone":"","_OrganizerWebsite":"","_VenueAddress":"","_VenueCity":"","_VenueCountry":"","_VenueProvince":"","_VenueState":"","_VenueZip":"","_VenuePhone":"","_VenueURL":"","_VenueStateProvince":"","_VenueLat":"","_VenueLng":"","_VenueShowMap":false,"_VenueShowMapLink":false,"footnotes":""},"class_list":["post-3395","page","type-page","status-publish","hentry"],"_links":{"self":[{"href":"https:\/\/infectnet.org\/en\/wp-json\/wp\/v2\/pages\/3395","targetHints":{"allow":["GET"]}}],"collection":[{"href":"https:\/\/infectnet.org\/en\/wp-json\/wp\/v2\/pages"}],"about":[{"href":"https:\/\/infectnet.org\/en\/wp-json\/wp\/v2\/types\/page"}],"author":[{"embeddable":true,"href":"https:\/\/infectnet.org\/en\/wp-json\/wp\/v2\/users\/1"}],"replies":[{"embeddable":true,"href":"https:\/\/infectnet.org\/en\/wp-json\/wp\/v2\/comments?post=3395"}],"version-history":[{"count":2,"href":"https:\/\/infectnet.org\/en\/wp-json\/wp\/v2\/pages\/3395\/revisions"}],"predecessor-version":[{"id":3812,"href":"https:\/\/infectnet.org\/en\/wp-json\/wp\/v2\/pages\/3395\/revisions\/3812"}],"up":[{"embeddable":true,"href":"https:\/\/infectnet.org\/en\/wp-json\/wp\/v2\/pages\/246"}],"wp:attachment":[{"href":"https:\/\/infectnet.org\/en\/wp-json\/wp\/v2\/media?parent=3395"}],"curies":[{"name":"wp","href":"https:\/\/api.w.org\/{rel}","templated":true}]}}