{"id":3788,"date":"2025-11-14T12:38:35","date_gmt":"2025-11-14T11:38:35","guid":{"rendered":"https:\/\/admin.infectnet.org\/?page_id=3788"},"modified":"2025-12-12T13:26:58","modified_gmt":"2025-12-12T12:26:58","slug":"unsere-netzwerktreffen","status":"publish","type":"page","link":"https:\/\/infectnet.org\/en\/ueber-uns\/unsere-netzwerktreffen","title":{"rendered":"Our Network Meetings"},"content":{"rendered":"<figure class=\"wp-block-image size-large has-custom-border\"><img loading=\"lazy\" decoding=\"async\" width=\"1024\" height=\"512\" src=\"https:\/\/admin.infectnet.org\/wp-content\/uploads\/2025\/04\/InfectNet5_Gruppe_edit-1024x512.jpg\" alt=\"\" class=\"wp-image-3131\" style=\"border-radius:15px\" srcset=\"https:\/\/infectnet.org\/wp-content\/uploads\/2025\/04\/InfectNet5_Gruppe_edit-1024x512.jpg 1024w, https:\/\/infectnet.org\/wp-content\/uploads\/2025\/04\/InfectNet5_Gruppe_edit-300x150.jpg 300w, https:\/\/infectnet.org\/wp-content\/uploads\/2025\/04\/InfectNet5_Gruppe_edit-768x384.jpg 768w, https:\/\/infectnet.org\/wp-content\/uploads\/2025\/04\/InfectNet5_Gruppe_edit-1536x768.jpg 1536w, https:\/\/infectnet.org\/wp-content\/uploads\/2025\/04\/InfectNet5_Gruppe_edit-2048x1024.jpg 2048w, https:\/\/infectnet.org\/wp-content\/uploads\/2025\/04\/InfectNet5_Gruppe_edit-18x9.jpg 18w\" sizes=\"auto, (max-width: 1024px) 100vw, 1024px\" \/><\/figure>\n\n\n\n<p>Many women underestimate how crucial personal contacts are in science and research. A strong network is interdisciplinary, collaborative and open \u2013 and, in the best case scenario, extends far beyond science to include journalists, politicians and business leaders. With our network meetings, we create spaces where our members can build, strengthen and expand their own networks in a targeted manner. Get to know us and visit one of our annual meetings!<\/p>\n\n\n\n<p>Our annual general meeting is a platform for all female infection researchers \u2013 from basic research to application and clinical practice, for young talents as well as experienced experts. At the same time, we create valuable interfaces with politics, business and the media. Each year, a different member takes on the organisation of the meeting. In this way, we highlight the diversity of our locations, strengthen regional networks and enable many researchers to easily access our events.<\/p>\n\n\n\n<h3 class=\"wp-block-heading\">BMBF project phase \u2013 Innovative Women in Focus<\/h3>\n\n\n\n<p>During the project funding period by the BMBF and BMFTR from 2022 to 2025, we were given the resources to organise a total of six network meetings at various locations throughout Germany. These meetings were important for us to better understand the needs of women in infection research and to develop strategies to strengthen their visibility and networking. The reports on the individual meetings will give you a first impression of our community. But the best thing to do is to come to one of our next meetings yourself.<\/p>\n\n\n\n<div class=\"wp-block-columns is-layout-flex wp-container-core-columns-is-layout-28f84493 wp-block-columns-is-layout-flex\">\n<div class=\"wp-block-column is-layout-flow wp-block-column-is-layout-flow\" style=\"flex-basis:50%\">\n<figure class=\"wp-block-image size-large has-custom-border\"><img loading=\"lazy\" decoding=\"async\" width=\"878\" height=\"1024\" src=\"https:\/\/admin.infectnet.org\/wp-content\/uploads\/2025\/10\/2025-09-24_Gruppenfoto_UKJ-RWTH-Aachen-Universitaet_Bild-001-878x1024.jpg\" alt=\"\" class=\"wp-image-3508\" style=\"border-radius:15px\" srcset=\"https:\/\/infectnet.org\/wp-content\/uploads\/2025\/10\/2025-09-24_Gruppenfoto_UKJ-RWTH-Aachen-Universitaet_Bild-001-878x1024.jpg 878w, https:\/\/infectnet.org\/wp-content\/uploads\/2025\/10\/2025-09-24_Gruppenfoto_UKJ-RWTH-Aachen-Universitaet_Bild-001-257x300.jpg 257w, https:\/\/infectnet.org\/wp-content\/uploads\/2025\/10\/2025-09-24_Gruppenfoto_UKJ-RWTH-Aachen-Universitaet_Bild-001-768x896.jpg 768w, https:\/\/infectnet.org\/wp-content\/uploads\/2025\/10\/2025-09-24_Gruppenfoto_UKJ-RWTH-Aachen-Universitaet_Bild-001-1317x1536.jpg 1317w, https:\/\/infectnet.org\/wp-content\/uploads\/2025\/10\/2025-09-24_Gruppenfoto_UKJ-RWTH-Aachen-Universitaet_Bild-001-1756x2048.jpg 1756w, https:\/\/infectnet.org\/wp-content\/uploads\/2025\/10\/2025-09-24_Gruppenfoto_UKJ-RWTH-Aachen-Universitaet_Bild-001-10x12.jpg 10w\" sizes=\"auto, (max-width: 878px) 100vw, 878px\" \/><figcaption class=\"wp-element-caption\">Photo: Heiko Hellmann | UKJ Media Center<\/figcaption><\/figure>\n<\/div>\n\n\n\n<div class=\"wp-block-column is-layout-flow wp-block-column-is-layout-flow\" style=\"flex-basis:50%\">\n<p><strong><a href=\"https:\/\/infectnet.org\/en\/archive\/3506\/\" data-type=\"post\" data-id=\"3506\">6th Network Meeting in Jena<\/a><\/strong><br>September 24-25, 2025<br>Host: Bettina L\u00f6ffler, University Hospital Jena<br>Topic: Sequencing and Diagnostics<br>Workshop: Hands-on Sequencing and bioinformatics<\/p>\n<\/div>\n<\/div>\n\n\n\n<div class=\"wp-block-columns is-layout-flex wp-container-core-columns-is-layout-28f84493 wp-block-columns-is-layout-flex\">\n<div class=\"wp-block-column is-layout-flow wp-block-column-is-layout-flow\" style=\"flex-basis:50%\">\n<figure class=\"wp-block-image size-large has-custom-border\"><img loading=\"lazy\" decoding=\"async\" width=\"1024\" height=\"512\" src=\"https:\/\/admin.infectnet.org\/wp-content\/uploads\/2025\/04\/InfectNet5_Gruppe_edit-1024x512.jpg\" alt=\"\" class=\"wp-image-3131\" style=\"border-radius:15px\" srcset=\"https:\/\/infectnet.org\/wp-content\/uploads\/2025\/04\/InfectNet5_Gruppe_edit-1024x512.jpg 1024w, https:\/\/infectnet.org\/wp-content\/uploads\/2025\/04\/InfectNet5_Gruppe_edit-300x150.jpg 300w, https:\/\/infectnet.org\/wp-content\/uploads\/2025\/04\/InfectNet5_Gruppe_edit-768x384.jpg 768w, https:\/\/infectnet.org\/wp-content\/uploads\/2025\/04\/InfectNet5_Gruppe_edit-1536x768.jpg 1536w, https:\/\/infectnet.org\/wp-content\/uploads\/2025\/04\/InfectNet5_Gruppe_edit-2048x1024.jpg 2048w, https:\/\/infectnet.org\/wp-content\/uploads\/2025\/04\/InfectNet5_Gruppe_edit-18x9.jpg 18w\" sizes=\"auto, (max-width: 1024px) 100vw, 1024px\" \/><figcaption class=\"wp-element-caption\">Photo: Kathrin Czoppelt | TU Munich<\/figcaption><\/figure>\n<\/div>\n\n\n\n<div class=\"wp-block-column is-layout-flow wp-block-column-is-layout-flow\" style=\"flex-basis:50%\">\n<p><strong><a href=\"https:\/\/infectnet.org\/en\/archive\/2979\/\" data-type=\"post\" data-id=\"2979\">5th Network Meeting in Munich<\/a><\/strong><br>March 24-26, 2025<br>Hosts: Clarissa Prazeres da Costa and Ulrike Protzer, TU Munich<br>Topic: Global Health<br>Founding of the \u2018German Association of Female Infection Researchers\u2019<br>Workshop: Online Visibility and Networking, MfW Berlin<\/p>\n<\/div>\n<\/div>\n\n\n\n<div class=\"wp-block-columns is-layout-flex wp-container-core-columns-is-layout-28f84493 wp-block-columns-is-layout-flex\">\n<div class=\"wp-block-column is-layout-flow wp-block-column-is-layout-flow\" style=\"flex-basis:50%\">\n<figure class=\"wp-block-image size-large has-custom-border\"><img loading=\"lazy\" decoding=\"async\" width=\"2560\" height=\"1440\" src=\"https:\/\/admin.infectnet.org\/wp-content\/uploads\/2025\/11\/2SUZ5CZ-1-scaled-1-edited.jpg\" alt=\"\" class=\"wp-image-3816\" style=\"border-radius:15px\" srcset=\"https:\/\/infectnet.org\/wp-content\/uploads\/2025\/11\/2SUZ5CZ-1-scaled-1-edited.jpg 2560w, https:\/\/infectnet.org\/wp-content\/uploads\/2025\/11\/2SUZ5CZ-1-scaled-1-edited-300x169.jpg 300w, https:\/\/infectnet.org\/wp-content\/uploads\/2025\/11\/2SUZ5CZ-1-scaled-1-edited-1024x576.jpg 1024w, https:\/\/infectnet.org\/wp-content\/uploads\/2025\/11\/2SUZ5CZ-1-scaled-1-edited-768x432.jpg 768w, https:\/\/infectnet.org\/wp-content\/uploads\/2025\/11\/2SUZ5CZ-1-scaled-1-edited-1536x864.jpg 1536w, https:\/\/infectnet.org\/wp-content\/uploads\/2025\/11\/2SUZ5CZ-1-scaled-1-edited-2048x1152.jpg 2048w, https:\/\/infectnet.org\/wp-content\/uploads\/2025\/11\/2SUZ5CZ-1-scaled-1-edited-18x10.jpg 18w\" sizes=\"auto, (max-width: 2560px) 100vw, 2560px\" \/><figcaption class=\"wp-element-caption\">Photo: Thies Schoening | University Hospital Cologne<\/figcaption><\/figure>\n<\/div>\n\n\n\n<div class=\"wp-block-column is-layout-flow wp-block-column-is-layout-flow\" style=\"flex-basis:50%\">\n<p><strong><a href=\"https:\/\/infectnet.org\/en\/archive\/2603\/\" data-type=\"post\" data-id=\"2603\">4th Network Meeting in Cologne<\/a><\/strong><br>November 15-17, 2024<br>Host: Esther von Stebut-Borschitz, University Hospital Cologne<br>Topic: Translation in Infection Research<br>Workshop: Media Training with Henning Quanz, Cologne<\/p>\n<\/div>\n<\/div>\n\n\n\n<div class=\"wp-block-columns is-layout-flex wp-container-core-columns-is-layout-28f84493 wp-block-columns-is-layout-flex\">\n<div class=\"wp-block-column is-layout-flow wp-block-column-is-layout-flow\" style=\"flex-basis:50%\">\n<figure class=\"wp-block-image size-large has-custom-border\"><img loading=\"lazy\" decoding=\"async\" width=\"1024\" height=\"576\" src=\"https:\/\/admin.infectnet.org\/wp-content\/uploads\/2024\/05\/Gruppenfoto_1-scaled-1-1024x576.jpg\" alt=\"\" class=\"wp-image-2140\" style=\"border-radius:15px;object-fit:cover\" srcset=\"https:\/\/infectnet.org\/wp-content\/uploads\/2024\/05\/Gruppenfoto_1-scaled-1-1024x576.jpg 1024w, https:\/\/infectnet.org\/wp-content\/uploads\/2024\/05\/Gruppenfoto_1-scaled-1-300x169.jpg 300w, https:\/\/infectnet.org\/wp-content\/uploads\/2024\/05\/Gruppenfoto_1-scaled-1-768x432.jpg 768w, https:\/\/infectnet.org\/wp-content\/uploads\/2024\/05\/Gruppenfoto_1-scaled-1-1536x864.jpg 1536w, https:\/\/infectnet.org\/wp-content\/uploads\/2024\/05\/Gruppenfoto_1-scaled-1-2048x1152.jpg 2048w\" sizes=\"auto, (max-width: 1024px) 100vw, 1024px\" \/><figcaption class=\"wp-element-caption\">Photo: Franziska B\u00e4hrle<\/figcaption><\/figure>\n<\/div>\n\n\n\n<div class=\"wp-block-column is-layout-flow wp-block-column-is-layout-flow\" style=\"flex-basis:50%\">\n<p><strong><a href=\"https:\/\/infectnet.org\/en\/archive\/2113\/\" data-type=\"post\" data-id=\"2113\">3rd Network Meeting in Wernigerode<\/a><\/strong><br>May 15-17, 2024<br>Host: Antje Flieger, Robert Koch Institute<br>Topic: Pandemic Preparedness<br>Workshop: Online Networking and Visibility, MfW Berlin<\/p>\n<\/div>\n<\/div>\n\n\n\n<div class=\"wp-block-columns is-layout-flex wp-container-core-columns-is-layout-28f84493 wp-block-columns-is-layout-flex\">\n<div class=\"wp-block-column is-layout-flow wp-block-column-is-layout-flow\" style=\"flex-basis:50%\">\n<figure class=\"wp-block-image size-large has-custom-border\"><img loading=\"lazy\" decoding=\"async\" width=\"1024\" height=\"453\" src=\"https:\/\/admin.infectnet.org\/wp-content\/uploads\/2023\/11\/1700470163499-scaled-e1700750700442-1-1024x453.jpg\" alt=\"\" class=\"wp-image-1704\" style=\"border-radius:15px\" srcset=\"https:\/\/infectnet.org\/wp-content\/uploads\/2023\/11\/1700470163499-scaled-e1700750700442-1-1024x453.jpg 1024w, https:\/\/infectnet.org\/wp-content\/uploads\/2023\/11\/1700470163499-scaled-e1700750700442-1-300x133.jpg 300w, https:\/\/infectnet.org\/wp-content\/uploads\/2023\/11\/1700470163499-scaled-e1700750700442-1-768x340.jpg 768w, https:\/\/infectnet.org\/wp-content\/uploads\/2023\/11\/1700470163499-scaled-e1700750700442-1-1536x680.jpg 1536w, https:\/\/infectnet.org\/wp-content\/uploads\/2023\/11\/1700470163499-scaled-e1700750700442-1-2048x906.jpg 2048w\" sizes=\"auto, (max-width: 1024px) 100vw, 1024px\" \/><figcaption class=\"wp-element-caption\">Photo: Ren\u00e9 Lesnik<\/figcaption><\/figure>\n<\/div>\n\n\n\n<div class=\"wp-block-column is-layout-flow wp-block-column-is-layout-flow\" style=\"flex-basis:50%\">\n<p><strong><a href=\"https:\/\/infectnet.org\/en\/archive\/1702\/\" data-type=\"post\" data-id=\"1702\">2nd Network Meeting in Hamburg<\/a><\/strong><br>November 22-24, 2023<br>Host: Iris Bruchhaus, Bernhard Nocht Institute for Tropical Medicine<br>Topic: Professional Associations and Scientific Committees<br>Workshop: Meda Training, MfW Berlin<\/p>\n<\/div>\n<\/div>\n\n\n\n<div class=\"wp-block-columns is-layout-flex wp-container-core-columns-is-layout-28f84493 wp-block-columns-is-layout-flex\">\n<div class=\"wp-block-column is-layout-flow wp-block-column-is-layout-flow\" style=\"flex-basis:50%\">\n<figure class=\"wp-block-image size-large has-custom-border\"><img loading=\"lazy\" decoding=\"async\" width=\"1024\" height=\"448\" src=\"https:\/\/admin.infectnet.org\/wp-content\/uploads\/2023\/07\/GruppeStudis_2-1-1024x448.jpg\" alt=\"Gruppe von circa 40 Frauen und Studentinnen in einem Foyer aus der Vogelperspektive.\" class=\"wp-image-381\" style=\"border-radius:15px\" srcset=\"https:\/\/infectnet.org\/wp-content\/uploads\/2023\/07\/GruppeStudis_2-1-1024x448.jpg 1024w, https:\/\/infectnet.org\/wp-content\/uploads\/2023\/07\/GruppeStudis_2-1-300x131.jpg 300w, https:\/\/infectnet.org\/wp-content\/uploads\/2023\/07\/GruppeStudis_2-1-768x336.jpg 768w, https:\/\/infectnet.org\/wp-content\/uploads\/2023\/07\/GruppeStudis_2-1.jpg 1489w\" sizes=\"auto, (max-width: 1024px) 100vw, 1024px\" \/><figcaption class=\"wp-element-caption\">Photo: Ren\u00e9 Lesnik<\/figcaption><\/figure>\n<\/div>\n\n\n\n<div class=\"wp-block-column is-layout-flow wp-block-column-is-layout-flow\" style=\"flex-basis:50%\">\n<p><strong><a href=\"https:\/\/infectnet.org\/en\/archive\/304\/\" data-type=\"post\" data-id=\"304\">1st Network Meeting in Aachen<\/a><\/strong><br>May 22-24, 2023<br>Host: Gabriele Pradel, RWTH Aachen University<br>Topic: Individual Presentations and Kick-Off<br>Workshop: Public Engagement, City 2 Science GbR<\/p>\n<\/div>\n<\/div>","protected":false},"excerpt":{"rendered":"<p>Viele Frauen untersch\u00e4tzen, wie entscheidend pers\u00f6nliche Kontakte in Wissenschaft und Forschung sind. Ein starkes Netzwerk ist interdisziplin\u00e4r, kollaborativ und offen \u2013 und im besten Fall reicht es weit \u00fcber die [&hellip;]<\/p>\n","protected":false},"author":1,"featured_media":0,"parent":246,"menu_order":0,"comment_status":"closed","ping_status":"closed","template":"","meta":{"_EventAllDay":false,"_EventTimezone":"","_EventStartDate":"","_EventEndDate":"","_EventStartDateUTC":"","_EventEndDateUTC":"","_EventShowMap":false,"_EventShowMapLink":false,"_EventURL":"","_EventCost":"","_EventCostDescription":"","_EventCurrencySymbol":"","_EventCurrencyCode":"","_EventCurrencyPosition":"","_EventDateTimeSeparator":"","_EventTimeRangeSeparator":"","_EventOrganizerID":[],"_EventVenueID":[],"_OrganizerEmail":"","_OrganizerPhone":"","_OrganizerWebsite":"","_VenueAddress":"","_VenueCity":"","_VenueCountry":"","_VenueProvince":"","_VenueState":"","_VenueZip":"","_VenuePhone":"","_VenueURL":"","_VenueStateProvince":"","_VenueLat":"","_VenueLng":"","_VenueShowMap":false,"_VenueShowMapLink":false,"footnotes":""},"class_list":["post-3788","page","type-page","status-publish","hentry"],"_links":{"self":[{"href":"https:\/\/infectnet.org\/en\/wp-json\/wp\/v2\/pages\/3788","targetHints":{"allow":["GET"]}}],"collection":[{"href":"https:\/\/infectnet.org\/en\/wp-json\/wp\/v2\/pages"}],"about":[{"href":"https:\/\/infectnet.org\/en\/wp-json\/wp\/v2\/types\/page"}],"author":[{"embeddable":true,"href":"https:\/\/infectnet.org\/en\/wp-json\/wp\/v2\/users\/1"}],"replies":[{"embeddable":true,"href":"https:\/\/infectnet.org\/en\/wp-json\/wp\/v2\/comments?post=3788"}],"version-history":[{"count":12,"href":"https:\/\/infectnet.org\/en\/wp-json\/wp\/v2\/pages\/3788\/revisions"}],"predecessor-version":[{"id":4075,"href":"https:\/\/infectnet.org\/en\/wp-json\/wp\/v2\/pages\/3788\/revisions\/4075"}],"up":[{"embeddable":true,"href":"https:\/\/infectnet.org\/en\/wp-json\/wp\/v2\/pages\/246"}],"wp:attachment":[{"href":"https:\/\/infectnet.org\/en\/wp-json\/wp\/v2\/media?parent=3788"}],"curies":[{"name":"wp","href":"https:\/\/api.w.org\/{rel}","templated":true}]}}