{"id":3992,"date":"2025-12-02T14:32:52","date_gmt":"2025-12-02T13:32:52","guid":{"rendered":"https:\/\/admin.infectnet.org\/?page_id=3992"},"modified":"2026-03-04T09:34:01","modified_gmt":"2026-03-04T08:34:01","slug":"mitglied-werden","status":"publish","type":"page","link":"https:\/\/infectnet.org\/en\/mitglied-werden","title":{"rendered":"Become a member"},"content":{"rendered":"\n<figure class=\"wp-block-image size-large has-custom-border\"><img loading=\"lazy\" decoding=\"async\" width=\"1024\" height=\"172\" src=\"https:\/\/infectnet.org\/wp-content\/uploads\/2026\/01\/InfectNet5_Gruppe_LinkedInBanner-1024x172.jpg\" alt=\"\" class=\"wp-image-4448\" style=\"border-style:none;border-width:0px;border-top-left-radius:15px;border-top-right-radius:15px;border-bottom-left-radius:15px;border-bottom-right-radius:15px\" srcset=\"https:\/\/infectnet.org\/wp-content\/uploads\/2026\/01\/InfectNet5_Gruppe_LinkedInBanner-1024x172.jpg 1024w, https:\/\/infectnet.org\/wp-content\/uploads\/2026\/01\/InfectNet5_Gruppe_LinkedInBanner-300x51.jpg 300w, https:\/\/infectnet.org\/wp-content\/uploads\/2026\/01\/InfectNet5_Gruppe_LinkedInBanner-768x129.jpg 768w, https:\/\/infectnet.org\/wp-content\/uploads\/2026\/01\/InfectNet5_Gruppe_LinkedInBanner-1536x259.jpg 1536w, https:\/\/infectnet.org\/wp-content\/uploads\/2026\/01\/InfectNet5_Gruppe_LinkedInBanner-2048x345.jpg 2048w, https:\/\/infectnet.org\/wp-content\/uploads\/2026\/01\/InfectNet5_Gruppe_LinkedInBanner-18x3.jpg 18w\" sizes=\"auto, (max-width: 1024px) 100vw, 1024px\" \/><\/figure>\n\n\n<style id=\"wpforms-css-vars-3995-block-d4795ce6-03ca-49d3-961a-187d5f8e7eaf\">\n\t\t\t\t#wpforms-3995.wpforms-block-d4795ce6-03ca-49d3-961a-187d5f8e7eaf {\n\t\t\t\t--wpforms-field-size-input-height: 43px;\n--wpforms-field-size-input-spacing: 15px;\n--wpforms-field-size-font-size: 16px;\n--wpforms-field-size-line-height: 19px;\n--wpforms-field-size-padding-h: 14px;\n--wpforms-field-size-checkbox-size: 16px;\n--wpforms-field-size-sublabel-spacing: 5px;\n--wpforms-field-size-icon-size: 1;\n--wpforms-label-size-font-size: 16px;\n--wpforms-label-size-line-height: 19px;\n--wpforms-label-size-sublabel-font-size: 14px;\n--wpforms-label-size-sublabel-line-height: 17px;\n--wpforms-button-size-font-size: 17px;\n--wpforms-button-size-height: 41px;\n--wpforms-button-size-padding-h: 15px;\n--wpforms-button-size-margin-top: 10px;\n\t\t\t}\n\t\t\t<\/style><div class=\"wpforms-container wpforms-container-full wpforms-block wpforms-block-d4795ce6-03ca-49d3-961a-187d5f8e7eaf wpforms-render-modern\" id=\"wpforms-3995\"><form id=\"wpforms-form-3995\" class=\"wpforms-validate wpforms-form wpforms-ajax-form\" data-formid=\"3995\" method=\"post\" enctype=\"multipart\/form-data\" action=\"\/en\/wp-json\/wp\/v2\/pages\/3992\" data-token=\"552e6a67f702aec0d713617ac2bc2799\" data-token-time=\"1775272818\"><noscript class=\"wpforms-error-noscript\">Please enable JavaScript in your browser to complete this form.<\/noscript><div id=\"wpforms-error-noscript\" style=\"display: none;\">Please enable JavaScript in your browser to complete this form.<\/div><div class=\"wpforms-field-container\"><div id=\"wpforms-3995-field_22-container\" class=\"wpforms-field wpforms-field-select wpforms-field-select-style-classic\" data-field-id=\"22\"><label class=\"wpforms-field-label\" for=\"wpforms-3995-field_22\">Ich m\u00f6chte in den Verband Deutscher Infektionsforscherinnen e.V. aufgenommen werden und beantrage eine &#8230;  <span class=\"wpforms-required-label\" aria-hidden=\"true\">*<\/span><\/label><select id=\"wpforms-3995-field_22\" class=\"wpforms-field-medium wpforms-field-required\" name=\"wpforms[fields][22]\" required=\"required\"><option value=\"\" class=\"placeholder\" disabled  selected='selected'>&#8212; Auswahl treffen &#8212;<\/option><option value=\"Vollmitgliedschaft (60 \u20ac\/ Jahr)\"  class=\"choice-1 depth-1\"  >Vollmitgliedschaft (60 \u20ac\/ Jahr)<\/option><option value=\"F\u00f6rdermitgliedschaft (60 \u20ac\/ Jahr)\"  class=\"choice-4 depth-1\"  >F\u00f6rdermitgliedschaft (60 \u20ac\/ Jahr)<\/option><option value=\"Institutionelle Mitgliedschaft (200 \u20ac\/ Jahr)\"  class=\"choice-5 depth-1\"  >Institutionelle Mitgliedschaft (200 \u20ac\/ Jahr)<\/option><\/select><div id=\"wpforms-3995-field_22-description\" class=\"wpforms-field-description\">Hinweis: Interessentinnen f\u00fcr studentische und erm\u00e4\u00dfigte Mitgliedschaften schreiben uns bitte \u00fcber das <a href=\"https:\/\/infectnet.org\/#kontakt\" target=\"_blank\" rel=\"noopener\">Kontaktformular<\/a>. Informationen zu den einzelnen Mitgliedschaften sind <a href=\"https:\/\/infectnet.org\/ueber-uns\/die-beitragsordnung\" target=\"_blank\" rel=\"noopener\">hier<\/a> zu finden.\nMit * markierte Felder sind Pflichtfelder. <\/div><\/div><div id=\"wpforms-3995-field_1-container\" class=\"wpforms-field wpforms-field-radio\" data-field-id=\"1\"><fieldset><legend class=\"wpforms-field-label\">Anrede <span class=\"wpforms-required-label\" aria-hidden=\"true\">*<\/span><\/legend><ul id=\"wpforms-3995-field_1\" class=\"wpforms-field-required\"><li class=\"choice-1 depth-1\"><input type=\"radio\" id=\"wpforms-3995-field_1_1\" name=\"wpforms[fields][1]\" value=\"Frau\" aria-errormessage=\"wpforms-3995-field_1_1-error\" required ><label class=\"wpforms-field-label-inline\" for=\"wpforms-3995-field_1_1\">Frau<\/label><\/li><li class=\"choice-2 depth-1\"><input type=\"radio\" id=\"wpforms-3995-field_1_2\" name=\"wpforms[fields][1]\" value=\"Herr\" aria-errormessage=\"wpforms-3995-field_1_2-error\" required ><label class=\"wpforms-field-label-inline\" for=\"wpforms-3995-field_1_2\">Herr<\/label><\/li><li class=\"choice-3 depth-1\"><input type=\"radio\" id=\"wpforms-3995-field_1_3\" name=\"wpforms[fields][1]\" value=\"Divers\" aria-errormessage=\"wpforms-3995-field_1_3-error\" required ><label class=\"wpforms-field-label-inline\" for=\"wpforms-3995-field_1_3\">Divers<\/label><\/li><li class=\"choice-4 depth-1\"><input type=\"radio\" id=\"wpforms-3995-field_1_4\" name=\"wpforms[fields][1]\" value=\"Keine Angabe\" aria-errormessage=\"wpforms-3995-field_1_4-error\" required ><label class=\"wpforms-field-label-inline\" for=\"wpforms-3995-field_1_4\">Keine Angabe<\/label><\/li><\/ul><\/fieldset><\/div><div id=\"wpforms-3995-field_2-container\" class=\"wpforms-field wpforms-field-text\" data-field-id=\"2\"><label class=\"wpforms-field-label\" for=\"wpforms-3995-field_2\">Titel<\/label><input type=\"text\" id=\"wpforms-3995-field_2\" class=\"wpforms-field-medium\" name=\"wpforms[fields][2]\" aria-errormessage=\"wpforms-3995-field_2-error\" ><\/div><div id=\"wpforms-3995-field_3-container\" class=\"wpforms-field wpforms-field-text\" data-field-id=\"3\"><label class=\"wpforms-field-label\" for=\"wpforms-3995-field_3\">Vorname <span class=\"wpforms-required-label\" aria-hidden=\"true\">*<\/span><\/label><input type=\"text\" id=\"wpforms-3995-field_3\" class=\"wpforms-field-medium wpforms-field-required\" name=\"wpforms[fields][3]\" aria-errormessage=\"wpforms-3995-field_3-error\" required><\/div><div id=\"wpforms-3995-field_4-container\" class=\"wpforms-field wpforms-field-text\" data-field-id=\"4\"><label class=\"wpforms-field-label\" for=\"wpforms-3995-field_4\">Nachname <span class=\"wpforms-required-label\" aria-hidden=\"true\">*<\/span><\/label><input type=\"text\" id=\"wpforms-3995-field_4\" class=\"wpforms-field-medium wpforms-field-required\" name=\"wpforms[fields][4]\" aria-errormessage=\"wpforms-3995-field_4-error\" required><\/div><div id=\"wpforms-3995-field_7-container\" class=\"wpforms-field wpforms-field-text\" data-field-id=\"7\"><label class=\"wpforms-field-label\" for=\"wpforms-3995-field_7\">Geburtsdatum <span class=\"wpforms-required-label\" aria-hidden=\"true\">*<\/span><\/label><input type=\"text\" id=\"wpforms-3995-field_7\" class=\"wpforms-field-small wpforms-field-required\" name=\"wpforms[fields][7]\" placeholder=\"TT.MM.JJJJ\" aria-errormessage=\"wpforms-3995-field_7-error\" required><\/div><div id=\"wpforms-3995-field_8-container\" class=\"wpforms-field wpforms-field-email\" data-field-id=\"8\"><label class=\"wpforms-field-label\" for=\"wpforms-3995-field_8\">E-Mail-Adresse <span class=\"wpforms-required-label\" aria-hidden=\"true\">*<\/span><\/label><input type=\"email\" id=\"wpforms-3995-field_8\" class=\"wpforms-field-medium wpforms-field-required\" name=\"wpforms[fields][8]\" spellcheck=\"false\" aria-errormessage=\"wpforms-3995-field_8-error\" required><\/div><div id=\"wpforms-3995-field_9-container\" class=\"wpforms-field wpforms-field-number\" data-field-id=\"9\"><label class=\"wpforms-field-label\" for=\"wpforms-3995-field_9\">Telefon<\/label><input type=\"number\" id=\"wpforms-3995-field_9\" class=\"wpforms-field-medium\" name=\"wpforms[fields][9]\" step=\"any\" aria-errormessage=\"wpforms-3995-field_9-error\" ><\/div><div id=\"wpforms-3995-field_6-container\" class=\"wpforms-field wpforms-field-text\" data-field-id=\"6\"><label class=\"wpforms-field-label\" for=\"wpforms-3995-field_6\">Privatadresse: Stra\u00dfe\/Hausnummer <span class=\"wpforms-required-label\" aria-hidden=\"true\">*<\/span><\/label><input type=\"text\" id=\"wpforms-3995-field_6\" class=\"wpforms-field-medium wpforms-field-required\" name=\"wpforms[fields][6]\" aria-errormessage=\"wpforms-3995-field_6-error\" required><\/div><div id=\"wpforms-3995-field_18-container\" class=\"wpforms-field wpforms-field-text\" data-field-id=\"18\"><label class=\"wpforms-field-label\" for=\"wpforms-3995-field_18\">Privatadresse: PLZ\/Ort <span class=\"wpforms-required-label\" aria-hidden=\"true\">*<\/span><\/label><input type=\"text\" id=\"wpforms-3995-field_18\" class=\"wpforms-field-medium wpforms-field-required\" name=\"wpforms[fields][18]\" aria-errormessage=\"wpforms-3995-field_18-error\" required><\/div><div id=\"wpforms-3995-field_19-container\" class=\"wpforms-field wpforms-field-text\" data-field-id=\"19\"><label class=\"wpforms-field-label\" for=\"wpforms-3995-field_19\">Dienstadresse: Name Institution<\/label><input type=\"text\" id=\"wpforms-3995-field_19\" class=\"wpforms-field-medium\" name=\"wpforms[fields][19]\" aria-errormessage=\"wpforms-3995-field_19-error\" ><\/div><div id=\"wpforms-3995-field_20-container\" class=\"wpforms-field wpforms-field-text\" data-field-id=\"20\"><label class=\"wpforms-field-label\" for=\"wpforms-3995-field_20\">Dienstadresse: Stra\u00dfe\/Hausnummer<\/label><input type=\"text\" id=\"wpforms-3995-field_20\" class=\"wpforms-field-medium\" name=\"wpforms[fields][20]\" aria-errormessage=\"wpforms-3995-field_20-error\" ><\/div><div id=\"wpforms-3995-field_21-container\" class=\"wpforms-field wpforms-field-text\" data-field-id=\"21\"><label class=\"wpforms-field-label\" for=\"wpforms-3995-field_21\">Dienstadresse: PLZ\/Ort<\/label><input type=\"text\" id=\"wpforms-3995-field_21\" class=\"wpforms-field-medium\" name=\"wpforms[fields][21]\" aria-errormessage=\"wpforms-3995-field_21-error\" ><\/div><div id=\"wpforms-3995-field_12-container\" class=\"wpforms-field wpforms-field-text\" data-field-id=\"12\"><label class=\"wpforms-field-label\" for=\"wpforms-3995-field_12\">Bankverbindung der Kontoinhaberin\/ des Kontoinhabers <span class=\"wpforms-required-label\" aria-hidden=\"true\">*<\/span><\/label><input type=\"text\" id=\"wpforms-3995-field_12\" class=\"wpforms-field-medium wpforms-field-required\" name=\"wpforms[fields][12]\" placeholder=\"Name\" aria-errormessage=\"wpforms-3995-field_12-error\" required><\/div>\t\t<div id=\"wpforms-3995-field_5-container\"\n\t\t\tclass=\"wpforms-field wpforms-field-text\"\n\t\t\tdata-field-type=\"text\"\n\t\t\tdata-field-id=\"5\"\n\t\t\t>\n\t\t\t<label class=\"wpforms-field-label\" for=\"wpforms-3995-field_5\" >Institution SEPA-Lastschriftmandat e.V.<\/label>\n\t\t\t<input type=\"text\" id=\"wpforms-3995-field_5\" class=\"wpforms-field-medium\" name=\"wpforms[fields][5]\" >\n\t\t<\/div>\n\t\t<div id=\"wpforms-3995-field_13-container\" class=\"wpforms-field wpforms-field-text\" data-field-id=\"13\"><label class=\"wpforms-field-label\" for=\"wpforms-3995-field_13\">IBAN <span class=\"wpforms-required-label\" aria-hidden=\"true\">*<\/span><\/label><input type=\"text\" id=\"wpforms-3995-field_13\" class=\"wpforms-field-small wpforms-field-required\" name=\"wpforms[fields][13]\" placeholder=\"DE00 0000 0000 0000 0000 00\" aria-errormessage=\"wpforms-3995-field_13-error\" required><\/div><div id=\"wpforms-3995-field_14-container\" class=\"wpforms-field wpforms-field-text\" data-field-id=\"14\"><label class=\"wpforms-field-label\" for=\"wpforms-3995-field_14\">BIC<\/label><input type=\"text\" id=\"wpforms-3995-field_14\" class=\"wpforms-field-small\" name=\"wpforms[fields][14]\" aria-errormessage=\"wpforms-3995-field_14-error\" ><\/div><div id=\"wpforms-3995-field_31-container\" class=\"wpforms-field wpforms-field-textarea\" data-field-id=\"31\"><label class=\"wpforms-field-label\" for=\"wpforms-3995-field_31\">SEPA-Lastschriftmandat<\/label><textarea id=\"wpforms-3995-field_31\" class=\"wpforms-field-medium\" name=\"wpforms[fields][31]\" aria-errormessage=\"wpforms-3995-field_31-error\" >Ich erm\u00e4chtige den Verband deutscher Infektionsforscherinnen e. V. (Infect-Net), Zahlungen (Mitgliedsbeitr\u00e4ge) von meinem Konto mittels SEPA-Lastschrift einzuziehen. Zugleich weise ich mein Kreditinstitut an, die von Infect-Net auf mein Konto gezogenen Lastschriften einzul\u00f6sen. Der Mitgliedsbeitrag wird j\u00e4hrlich erhoben. Hinweis: Ich kann innerhalb von acht Wochen, beginnend mit dem Belastungsdatum, die Erstattung des belasteten Betrages verlangen. Es gelten dabei die mit meinem Kreditinstitut vereinbarten Bedingungen. Gl\u00e4ubiger-Identifikationsnummer: DE48ZZZ00002855852, Mandatsreferenz: wird separat mitgeteilt.<\/textarea><\/div><div id=\"wpforms-3995-field_32-container\" class=\"wpforms-field wpforms-field-checkbox\" data-field-id=\"32\"><fieldset><legend class=\"wpforms-field-label\">Zustimmung zum SEPA-Lastschriftmandat <span class=\"wpforms-required-label\" aria-hidden=\"true\">*<\/span><\/legend><ul id=\"wpforms-3995-field_32\" class=\"wpforms-field-required\"><li class=\"choice-1 depth-1\"><input type=\"checkbox\" id=\"wpforms-3995-field_32_1\" name=\"wpforms[fields][32][]\" value=\"Ich erteile das SEPA-Lastschriftmandat und best\u00e4tige die Richtigkeit meiner Angaben.\" aria-errormessage=\"wpforms-3995-field_32_1-error\" required ><label class=\"wpforms-field-label-inline\" for=\"wpforms-3995-field_32_1\">Ich erteile das SEPA-Lastschriftmandat und best\u00e4tige die Richtigkeit meiner Angaben.<\/label><\/li><\/ul><\/fieldset><\/div><div id=\"wpforms-3995-field_25-container\" class=\"wpforms-field wpforms-field-checkbox\" data-field-id=\"25\"><fieldset><legend class=\"wpforms-field-label\">Erkl\u00e4rung <span class=\"wpforms-required-label\" aria-hidden=\"true\">*<\/span><\/legend><ul id=\"wpforms-3995-field_25\" class=\"wpforms-field-required\"><li class=\"choice-1 depth-1\"><input type=\"checkbox\" id=\"wpforms-3995-field_25_1\" name=\"wpforms[fields][25][]\" value=\"Ja, ich akzeptiere die &lt;a href=&quot;https:\/\/admin.infectnet.org\/wp-content\/uploads\/2025\/11\/Infect-Net_Satzung_25032025.pdf&quot; target=&quot;_blank&quot; rel=&quot;noopener&quot;&gt;Vereinssatzung&lt;\/a&gt; und habe die &lt;a href=&quot;https:\/\/www.infectnet.org\/datenschutz&quot; target=&quot;_blank&quot; rel=&quot;noopener&quot;&gt;Hinweise zum Datenschutz&lt;\/a&gt; gelesen.\" aria-errormessage=\"wpforms-3995-field_25_1-error\" required ><label class=\"wpforms-field-label-inline\" for=\"wpforms-3995-field_25_1\">Ja, ich akzeptiere die <a href=\"https:\/\/admin.infectnet.org\/wp-content\/uploads\/2025\/11\/Infect-Net_Satzung_25032025.pdf\" target=\"_blank\" rel=\"noopener\">Vereinssatzung<\/a> und habe die <a href=\"https:\/\/www.infectnet.org\/datenschutz\" target=\"_blank\" rel=\"noopener\">Hinweise zum Datenschutz<\/a> gelesen.<\/label><\/li><\/ul><\/fieldset><\/div><script>\n\t\t\t\t( function() {\n\t\t\t\t\tconst style = document.createElement( 'style' );\n\t\t\t\t\tstyle.appendChild( document.createTextNode( '#wpforms-3995-field_5-container { position: absolute !important; overflow: hidden !important; display: inline !important; height: 1px !important; width: 1px !important; z-index: -1000 !important; padding: 0 !important; } #wpforms-3995-field_5-container input { visibility: hidden; } #wpforms-conversational-form-page #wpforms-3995-field_5-container label { counter-increment: none; }' ) );\n\t\t\t\t\tdocument.head.appendChild( style );\n\t\t\t\t\tdocument.currentScript?.remove();\n\t\t\t\t} )();\n\t\t\t<\/script><\/div><!-- .wpforms-field-container --><div class=\"wpforms-submit-container\" ><input type=\"hidden\" name=\"wpforms[id]\" value=\"3995\"><input type=\"hidden\" name=\"page_title\" value=\"\"><input type=\"hidden\" name=\"page_url\" value=\"https:\/\/infectnet.org\/en\/wp-json\/wp\/v2\/pages\/3992\"><input type=\"hidden\" name=\"url_referer\" value=\"\">\t\t<div id=\"cf-turnstile-wpf-1672059711\"\r\n\t\tclass=\"cf-turnstile\" \t\tdata-sitekey=\"0x4AAAAAACHAIIweQIPlF9Ix\"\r\n\t\tdata-theme=\"light\"\r\n\t\tdata-language=\"auto\"\r\n\t\tdata-size=\"normal\"\r\n\t\tdata-retry=\"auto\" data-retry-interval=\"1000\"\r\n\t\tdata-refresh-expired=\"auto\"\r\n\t\tdata-action=\"wpforms-3995\"\r\n\t\t\t\tdata-appearance=\"always\"><\/div>\r\n\t\t\t<script>document.addEventListener(\"DOMContentLoaded\", function() { setTimeout(function(){ var e=document.getElementById(\"cf-turnstile-wpf-1672059711\"); e&&!e.innerHTML.trim()&&(turnstile.remove(\"#cf-turnstile-wpf-1672059711\"), turnstile.render(\"#cf-turnstile-wpf-1672059711\", {sitekey:\"0x4AAAAAACHAIIweQIPlF9Ix\"})); }, 100); });<\/script>\r\n\t\t\t<br class=\"cf-turnstile-br cf-turnstile-br-wpf-1672059711\">\r\n\t\t\t\t<style>#cf-turnstile-wpf-1672059711 { margin-left: -15px; }<\/style>\r\n\t\t<button type=\"submit\" name=\"wpforms[submit]\" id=\"wpforms-submit-3995\" class=\"wpforms-submit\" data-alt-text=\"Wird gesendet\u00a0\u2026\" data-submit-text=\"Mitgliedschaft beantragen\" aria-live=\"assertive\" value=\"wpforms-submit\">Mitgliedschaft beantragen<\/button><img loading=\"lazy\" decoding=\"async\" src=\"https:\/\/infectnet.org\/wp-content\/plugins\/wpforms-lite\/assets\/images\/submit-spin.svg\" class=\"wpforms-submit-spinner\" style=\"display: none;\" width=\"26\" height=\"26\" alt=\"Loading\"><\/div><\/form><\/div>  <!-- .wpforms-container -->","protected":false},"excerpt":{"rendered":"","protected":false},"author":1,"featured_media":0,"parent":0,"menu_order":0,"comment_status":"closed","ping_status":"closed","template":"","meta":{"_EventAllDay":false,"_EventTimezone":"","_EventStartDate":"","_EventEndDate":"","_EventStartDateUTC":"","_EventEndDateUTC":"","_EventShowMap":false,"_EventShowMapLink":false,"_EventURL":"","_EventCost":"","_EventCostDescription":"","_EventCurrencySymbol":"","_EventCurrencyCode":"","_EventCurrencyPosition":"","_EventDateTimeSeparator":"","_EventTimeRangeSeparator":"","_EventOrganizerID":[],"_EventVenueID":[],"_OrganizerEmail":"","_OrganizerPhone":"","_OrganizerWebsite":"","_VenueAddress":"","_VenueCity":"","_VenueCountry":"","_VenueProvince":"","_VenueState":"","_VenueZip":"","_VenuePhone":"","_VenueURL":"","_VenueStateProvince":"","_VenueLat":"","_VenueLng":"","_VenueShowMap":false,"_VenueShowMapLink":false,"footnotes":""},"class_list":["post-3992","page","type-page","status-publish","hentry"],"_links":{"self":[{"href":"https:\/\/infectnet.org\/en\/wp-json\/wp\/v2\/pages\/3992","targetHints":{"allow":["GET"]}}],"collection":[{"href":"https:\/\/infectnet.org\/en\/wp-json\/wp\/v2\/pages"}],"about":[{"href":"https:\/\/infectnet.org\/en\/wp-json\/wp\/v2\/types\/page"}],"author":[{"embeddable":true,"href":"https:\/\/infectnet.org\/en\/wp-json\/wp\/v2\/users\/1"}],"replies":[{"embeddable":true,"href":"https:\/\/infectnet.org\/en\/wp-json\/wp\/v2\/comments?post=3992"}],"version-history":[{"count":6,"href":"https:\/\/infectnet.org\/en\/wp-json\/wp\/v2\/pages\/3992\/revisions"}],"predecessor-version":[{"id":4614,"href":"https:\/\/infectnet.org\/en\/wp-json\/wp\/v2\/pages\/3992\/revisions\/4614"}],"wp:attachment":[{"href":"https:\/\/infectnet.org\/en\/wp-json\/wp\/v2\/media?parent=3992"}],"curies":[{"name":"wp","href":"https:\/\/api.w.org\/{rel}","templated":true}]}}